{"id":2060,"date":"2020-10-14T17:53:32","date_gmt":"2020-10-14T15:53:32","guid":{"rendered":"http:\/\/www.2020.champdeniers.fr\/?page_id=2060"},"modified":"2021-06-18T11:53:02","modified_gmt":"2021-06-18T09:53:02","slug":"__trashed","status":"publish","type":"page","link":"https:\/\/www.champdeniers.fr\/index.php\/solidarite\/__trashed\/","title":{"rendered":"Maison de services au public de Champdeniers"},"content":{"rendered":"<p>[et_pb_section fb_built=\u00a0\u00bb1&Prime; next_background_color=\u00a0\u00bb#ffffff\u00a0\u00bb admin_label=\u00a0\u00bbHero Section\u00a0\u00bb _builder_version=\u00a0\u00bb4.6.5&Prime; use_background_color_gradient=\u00a0\u00bbon\u00a0\u00bb background_color_gradient_start=\u00a0\u00bbrgba(255,255,255,0)\u00a0\u00bb background_color_gradient_end=\u00a0\u00bbrgba(255,255,255,0.4)\u00a0\u00bb background_color_gradient_overlays_image=\u00a0\u00bbon\u00a0\u00bb background_image=\u00a0\u00bbhttp:\/\/champdeniers.tenordigital.fr\/wp-content\/uploads\/2020\/07\/DSC05333-1-scaled.jpeg\u00a0\u00bb parallax=\u00a0\u00bbon\u00a0\u00bb custom_padding=\u00a0\u00bb4.8%||9.3%|||\u00a0\u00bb bottom_divider_style=\u00a0\u00bbcurve\u00a0\u00bb background_color_gradient_direction__hover=\u00a0\u00bb180deg\u00a0\u00bb background_color_gradient_direction__hover_enabled=\u00a0\u00bb180deg\u00a0\u00bb background_color_gradient_start_position__hover=\u00a0\u00bb0%\u00a0\u00bb background_color_gradient_start_position__hover_enabled=\u00a0\u00bb0%\u00a0\u00bb background_color_gradient_end_position__hover=\u00a0\u00bb100%\u00a0\u00bb background_color_gradient_end_position__hover_enabled=\u00a0\u00bb100%\u00a0\u00bb][et_pb_row _builder_version=\u00a0\u00bb3.25&Prime; custom_padding=\u00a0\u00bb0px|||||\u00a0\u00bb][et_pb_column type=\u00a0\u00bb4_4&Prime; _builder_version=\u00a0\u00bb3.25&Prime; custom_padding=\u00a0\u00bb|||\u00a0\u00bb custom_padding__hover=\u00a0\u00bb|||\u00a0\u00bb][et_pb_text admin_label=\u00a0\u00bbHero Section Title\u00a0\u00bb _builder_version=\u00a0\u00bb4.5.7&Prime; text_font=\u00a0\u00bbCaveat|||on|||||\u00a0\u00bb text_font_size=\u00a0\u00bb12px\u00a0\u00bb header_font=\u00a0\u00bbCaveat|600|||||||\u00a0\u00bb header_text_color=\u00a0\u00bb#ffffff\u00a0\u00bb header_font_size=\u00a0\u00bb100px\u00a0\u00bb header_letter_spacing=\u00a0\u00bb3px\u00a0\u00bb header_line_height=\u00a0\u00bb1.3em\u00a0\u00bb header_2_font=\u00a0\u00bbCaveat|700|||||||\u00a0\u00bb header_2_text_color=\u00a0\u00bbrgba(255,255,255,0.86)\u00a0\u00bb header_2_font_size=\u00a0\u00bb40px\u00a0\u00bb header_2_letter_spacing=\u00a0\u00bb3px\u00a0\u00bb header_2_line_height=\u00a0\u00bb1.1em\u00a0\u00bb text_orientation=\u00a0\u00bbcenter\u00a0\u00bb background_layout=\u00a0\u00bbdark\u00a0\u00bb module_alignment=\u00a0\u00bbcenter\u00a0\u00bb custom_margin=\u00a0\u00bb||60px|\u00a0\u00bb custom_padding=\u00a0\u00bb25px|||||\u00a0\u00bb animation_style=\u00a0\u00bbslide\u00a0\u00bb animation_direction=\u00a0\u00bbbottom\u00a0\u00bb animation_intensity_slide=\u00a0\u00bb5%\u00a0\u00bb header_font_size_tablet=\u00a0\u00bb\u00a0\u00bb header_font_size_phone=\u00a0\u00bb28px\u00a0\u00bb header_font_size_last_edited=\u00a0\u00bbon|phone\u00a0\u00bb header_2_font_size_tablet=\u00a0\u00bb\u00a0\u00bb header_2_font_size_phone=\u00a0\u00bb50px\u00a0\u00bb header_2_font_size_last_edited=\u00a0\u00bbon|phone\u00a0\u00bb header_text_shadow_style=\u00a0\u00bbpreset2&Prime; header_text_shadow_blur_strength=\u00a0\u00bb0.17em\u00a0\u00bb header_text_shadow_color=\u00a0\u00bb#000000&Prime;]<\/p>\n<h2>Respirez, vous \u00eates \u00e0<\/h2>\n<h1><strong>Champdeniers<\/strong><\/h1>\n<p>[\/et_pb_text][\/et_pb_column][\/et_pb_row][\/et_pb_section][et_pb_section fb_built=\u00a0\u00bb1&Prime; _builder_version=\u00a0\u00bb4.6.5&Prime; _module_preset=\u00a0\u00bbdefault\u00a0\u00bb][et_pb_row _builder_version=\u00a0\u00bb4.6.5&Prime; _module_preset=\u00a0\u00bbdefault\u00a0\u00bb custom_padding=\u00a0\u00bb33px|||||\u00a0\u00bb][et_pb_column type=\u00a0\u00bb4_4&Prime; _builder_version=\u00a0\u00bb4.6.5&Prime; _module_preset=\u00a0\u00bbdefault\u00a0\u00bb][et_pb_text _builder_version=\u00a0\u00bb4.6.5&Prime; _module_preset=\u00a0\u00bbdefault\u00a0\u00bb]<\/p>\n<p><span><img loading=\"lazy\" decoding=\"async\" src=\"http:\/\/www.2020.champdeniers.fr\/wp-content\/uploads\/2020\/10\/image.jpeg\" width=\"464\" height=\"309\" alt=\"\" class=\"wp-image-2041 alignnone size-full\" \/><\/span><\/p>\n<p><span><\/span><\/p>\n<p><span><\/span><\/p>\n<h3><span><strong>La Maison de services au public de Champdeniers<\/strong><\/span><\/h3>\n<p><span><\/span><\/p>\n<p><span>Le bureau de poste r\u00e9unit les services sous un m\u00eame toit avec une Maison de services au public et devient un v\u00e9ritable lieu d\u2019accueil, d\u2019information, et d\u2019orientation. Le bureau dispose d\u2019un \u00eelot de services au public avec un acc\u00e8s \u00e0 des services num\u00e9riques. Les habitants peuvent \u00eatre accompagn\u00e9s dans leurs d\u00e9marches de la vie quotidienne, en lien avec les op\u00e9rateurs de services publics \u00ab essentiels \u00bb.<\/span><\/p>\n<p><span><\/span><\/p>\n<div class=\"adresse\">1 Place du mar\u00e9chal Juin<br \/>79220 Champdeniers-Saint-Denis<\/div>\n<div class=\"infos-perso\">\n<div class=\"lire-suite\">\n<div class=\"field field-name-field-email-de-contact field-type-email field-label-hidden\">\n<div class=\"field-items\">\n<div class=\"field-item even\"><a href=\"mailto:champdeniers-st-denis@france-services.gouv.fr\" rel=\"noreferrer\">champdeniers-st-denis@france-services.gouv.fr<\/a><\/div>\n<div class=\"field-item even\"><\/div>\n<div class=\"field-item even\"><\/div>\n<div class=\"field-item even\"><span><\/span><\/div>\n<div class=\"field-item even\"><span><\/span><\/div>\n<div class=\"field-item even\"><span>Du lundi au vendredi 9h-12h 14h-17H et le samedi 9-12h<\/span><\/div>\n<\/div>\n<\/div>\n<\/div>\n<div class=\"lire-suite\"><\/div>\n<\/div>\n<p><span><\/span><\/p>\n<p><span><\/span><\/p>\n<p><span><\/span><\/p>\n<h3><span><strong>Qu\u2019est-ce qu\u2019une Maison de services au public\u00a0?<\/strong><\/span><\/h3>\n<p><span><strong><\/strong><\/span><\/p>\n<p>Une Maison de services au public est un lieu dans lequel les habitants peuvent \u00eatre accompagn\u00e9s dans leurs d\u00e9marches administratives\u00a0: emploi, retraite, famille, social, sant\u00e9, logement, \u00e9nergie, acc\u00e8s au droit, etc.<\/p>\n<p>Chaque Maison de services au public, en fonction de son implantation sur le territoire, construit une \u00ab\u00a0offre de services\u00a0\u00bb sp\u00e9cifique et surtout adapt\u00e9e aux besoins identifi\u00e9s sur son bassin de vie.<\/p>\n<p>Les Maisons de services au public rev\u00eatent diverses formes, au regard des besoins de la population locale et des sp\u00e9cificit\u00e9s du territoire. Afin d\u2019aller au plus pr\u00e8s des habitants, certaines Maisons privil\u00e9gient des implantations multi-sites, d\u2019autres le service itin\u00e9rant, ou l\u2019organisation de permanences partenaires (en mairie, pendant les march\u00e9s, dans des locaux associatifs, etc.). Elles peuvent \u00eatre adoss\u00e9es \u00e0 des centres m\u00e9dico-sociaux, \u00e0 des offices du tourisme, des m\u00e9diath\u00e8ques, des espaces de co-working, etc.<\/p>\n<p>&nbsp;<\/p>\n<p>&nbsp;<\/p>\n<h3><span><strong>Quelle est l\u2019offre de services \u00ab\u00a0de base\u00a0\u00bb d\u2019une Maison de services au public ?<\/strong><\/span><\/h3>\n<p><strong>Accueil, information et orientation\u00a0<\/strong><\/p>\n<ul>\n<li>Acc\u00e9der \u00e0 de la documentation sur les diff\u00e9rentes prestations susceptibles de correspondre \u00e0 la situation de l\u2019usager<\/li>\n<li>Conna\u00eetre les conditions \u00e0 satisfaire et les d\u00e9marches \u00e0 r\u00e9aliser pour les obtenir<\/li>\n<li>Etre orient\u00e9 vers l\u2019agence partenaire ad\u00e9quate<\/li>\n<li>B\u00e9n\u00e9ficier d\u2019un libre-acc\u00e8s \u00e0 des postes informatiques, connect\u00e9s \u00e0 l\u2019internet<\/li>\n<\/ul>\n<p><strong>Aide \u00e0 l\u2019utilisation des services en ligne\u00a0<\/strong><\/p>\n<ul>\n<li>Accompagner l\u2019usager pour rechercher des informations sur un site, cr\u00e9er ou mettre \u00e0 jour son espace personnel<\/li>\n<li>Lui apporter un appui pour r\u00e9aliser des t\u00e9l\u00e9-proc\u00e9dures (du type d\u00e9claration d\u2019imp\u00f4ts) ou des simulations de prestations<\/li>\n<li>Accompagner l\u2019usager dans l\u2019utilisation des \u00e9quipements num\u00e9riques mis \u00e0 disposition (ordinateur, scanner, syst\u00e8me visio, imprimante, \u2026) et pour la cr\u00e9ation d\u2019un compte de messagerie<\/li>\n<\/ul>\n<p><strong>Facilitation administrative<\/strong><\/p>\n<ul>\n<li>Aider \u00e0 la compr\u00e9hension des informations adress\u00e9es et des \u00e9l\u00e9ments sollicit\u00e9s<\/li>\n<li>Aider \u00e0 la constitution de dossier ou \u00e0 la v\u00e9rification de sa recevabilit\u00e9<\/li>\n<li>Effectuer l\u2019\u00e9dition, le retrait ou le d\u00e9p\u00f4t de document<\/li>\n<li>Num\u00e9riser et imprimer des documents<\/li>\n<\/ul>\n<p><strong>Faciliter la mise en relation <\/strong><\/p>\n<ul>\n<li>Aider \u00e0 la prise de rendez-vous t\u00e9l\u00e9phonique<\/li>\n<li>Aider \u00e0 la prise de rendez-vous physique avec un conseiller partenaire<\/li>\n<li>Organiser un rendez-vous \u00e0 distance via des syst\u00e8mes visio au sein de la Maison de services au public<\/li>\n<\/ul>\n<p><span><\/span><\/p>\n<p><span><\/span><\/p>\n<p><span><\/span><\/p>\n<p>[\/et_pb_text][\/et_pb_column][\/et_pb_row][\/et_pb_section]<\/p>\n","protected":false},"excerpt":{"rendered":"<p>Respirez, vous \u00eates \u00e0 Champdeniers La Maison de services au public de Champdeniers Le bureau de poste r\u00e9unit les services sous un m\u00eame toit avec une Maison de services au [&hellip;]<\/p>\n","protected":false},"author":1,"featured_media":628,"parent":1149,"menu_order":0,"comment_status":"closed","ping_status":"closed","template":"","meta":{"_et_pb_use_builder":"on","_et_pb_old_content":"","_et_gb_content_width":"","footnotes":""},"class_list":["post-2060","page","type-page","status-publish","has-post-thumbnail","hentry"],"publishpress_future_action":{"enabled":false,"date":"2026-05-09 01:52:31","action":"change-status","newStatus":"draft","terms":[],"taxonomy":"","extraData":[]},"publishpress_future_workflow_manual_trigger":{"enabledWorkflows":[]},"_links":{"self":[{"href":"https:\/\/www.champdeniers.fr\/index.php\/wp-json\/wp\/v2\/pages\/2060","targetHints":{"allow":["GET"]}}],"collection":[{"href":"https:\/\/www.champdeniers.fr\/index.php\/wp-json\/wp\/v2\/pages"}],"about":[{"href":"https:\/\/www.champdeniers.fr\/index.php\/wp-json\/wp\/v2\/types\/page"}],"author":[{"embeddable":true,"href":"https:\/\/www.champdeniers.fr\/index.php\/wp-json\/wp\/v2\/users\/1"}],"replies":[{"embeddable":true,"href":"https:\/\/www.champdeniers.fr\/index.php\/wp-json\/wp\/v2\/comments?post=2060"}],"version-history":[{"count":5,"href":"https:\/\/www.champdeniers.fr\/index.php\/wp-json\/wp\/v2\/pages\/2060\/revisions"}],"predecessor-version":[{"id":2456,"href":"https:\/\/www.champdeniers.fr\/index.php\/wp-json\/wp\/v2\/pages\/2060\/revisions\/2456"}],"up":[{"embeddable":true,"href":"https:\/\/www.champdeniers.fr\/index.php\/wp-json\/wp\/v2\/pages\/1149"}],"wp:featuredmedia":[{"embeddable":true,"href":"https:\/\/www.champdeniers.fr\/index.php\/wp-json\/wp\/v2\/media\/628"}],"wp:attachment":[{"href":"https:\/\/www.champdeniers.fr\/index.php\/wp-json\/wp\/v2\/media?parent=2060"}],"curies":[{"name":"wp","href":"https:\/\/api.w.org\/{rel}","templated":true}]}}