{"id":1473,"date":"2020-09-07T18:41:19","date_gmt":"2020-09-07T16:41:19","guid":{"rendered":"http:\/\/www.2020.champdeniers.fr\/?page_id=1473"},"modified":"2020-10-13T21:36:32","modified_gmt":"2020-10-13T19:36:32","slug":"mentions-legales","status":"publish","type":"page","link":"https:\/\/www.champdeniers.fr\/index.php\/mentions-legales\/","title":{"rendered":"Mentions l\u00e9gales"},"content":{"rendered":"<p>[et_pb_section fb_built=\u00a0\u00bb1&Prime; next_background_color=\u00a0\u00bb#f7f7f7&Prime; admin_label=\u00a0\u00bbHero Section\u00a0\u00bb _builder_version=\u00a0\u00bb4.6.5&Prime; use_background_color_gradient=\u00a0\u00bbon\u00a0\u00bb background_color_gradient_start=\u00a0\u00bbrgba(255,255,255,0)\u00a0\u00bb background_color_gradient_end=\u00a0\u00bbrgba(255,255,255,0.4)\u00a0\u00bb background_color_gradient_overlays_image=\u00a0\u00bbon\u00a0\u00bb background_image=\u00a0\u00bbhttp:\/\/champdeniers.tenordigital.fr\/wp-content\/uploads\/2020\/07\/DSC05333-1-scaled.jpeg\u00a0\u00bb parallax=\u00a0\u00bbon\u00a0\u00bb custom_padding=\u00a0\u00bb4.8%||9.3%|||\u00a0\u00bb bottom_divider_style=\u00a0\u00bbcurve\u00a0\u00bb hover_enabled=\u00a0\u00bb0&Prime; background_color_gradient_direction__hover=\u00a0\u00bb180deg\u00a0\u00bb background_color_gradient_direction__hover_enabled=\u00a0\u00bb180deg\u00a0\u00bb background_color_gradient_start_position__hover=\u00a0\u00bb0%\u00a0\u00bb background_color_gradient_start_position__hover_enabled=\u00a0\u00bb0%\u00a0\u00bb background_color_gradient_end_position__hover=\u00a0\u00bb100%\u00a0\u00bb background_color_gradient_end_position__hover_enabled=\u00a0\u00bb100%\u00a0\u00bb sticky_enabled=\u00a0\u00bb0&Prime;][et_pb_row _builder_version=\u00a0\u00bb3.25&Prime; custom_padding=\u00a0\u00bb0px|||||\u00a0\u00bb][et_pb_column type=\u00a0\u00bb4_4&Prime; _builder_version=\u00a0\u00bb3.25&Prime; custom_padding=\u00a0\u00bb|||\u00a0\u00bb custom_padding__hover=\u00a0\u00bb|||\u00a0\u00bb][et_pb_text admin_label=\u00a0\u00bbHero Section Title\u00a0\u00bb _builder_version=\u00a0\u00bb4.5.7&Prime; text_font=\u00a0\u00bbCaveat|||on|||||\u00a0\u00bb text_font_size=\u00a0\u00bb12px\u00a0\u00bb header_font=\u00a0\u00bbCaveat|600|||||||\u00a0\u00bb header_text_color=\u00a0\u00bb#ffffff\u00a0\u00bb header_font_size=\u00a0\u00bb100px\u00a0\u00bb header_letter_spacing=\u00a0\u00bb3px\u00a0\u00bb header_line_height=\u00a0\u00bb1.3em\u00a0\u00bb header_2_font=\u00a0\u00bbCaveat|700|||||||\u00a0\u00bb header_2_text_color=\u00a0\u00bbrgba(255,255,255,0.86)\u00a0\u00bb header_2_font_size=\u00a0\u00bb40px\u00a0\u00bb header_2_letter_spacing=\u00a0\u00bb3px\u00a0\u00bb header_2_line_height=\u00a0\u00bb1.1em\u00a0\u00bb text_orientation=\u00a0\u00bbcenter\u00a0\u00bb background_layout=\u00a0\u00bbdark\u00a0\u00bb module_alignment=\u00a0\u00bbcenter\u00a0\u00bb custom_margin=\u00a0\u00bb||60px|\u00a0\u00bb custom_padding=\u00a0\u00bb25px|||||\u00a0\u00bb animation_style=\u00a0\u00bbslide\u00a0\u00bb animation_direction=\u00a0\u00bbbottom\u00a0\u00bb animation_intensity_slide=\u00a0\u00bb5%\u00a0\u00bb header_font_size_tablet=\u00a0\u00bb\u00a0\u00bb header_font_size_phone=\u00a0\u00bb28px\u00a0\u00bb header_font_size_last_edited=\u00a0\u00bbon|phone\u00a0\u00bb header_2_font_size_tablet=\u00a0\u00bb\u00a0\u00bb header_2_font_size_phone=\u00a0\u00bb50px\u00a0\u00bb header_2_font_size_last_edited=\u00a0\u00bbon|phone\u00a0\u00bb header_text_shadow_style=\u00a0\u00bbpreset2&Prime; header_text_shadow_blur_strength=\u00a0\u00bb0.17em\u00a0\u00bb header_text_shadow_color=\u00a0\u00bb#000000&Prime;]<\/p>\n<h2>Respirez, vous \u00eates \u00e0<\/h2>\n<h1><strong>Champdeniers<\/strong><\/h1>\n<p>[\/et_pb_text][\/et_pb_column][\/et_pb_row][\/et_pb_section][et_pb_section fb_built=\u00a0\u00bb1&Prime; next_background_color=\u00a0\u00bb#2a3443&Prime; admin_label=\u00a0\u00bbAbout Section\u00a0\u00bb _builder_version=\u00a0\u00bb4.6.1&Prime; background_color=\u00a0\u00bb#f7f7f7&Prime; custom_padding=\u00a0\u00bb24px||128px||false|false\u00a0\u00bb bottom_divider_style=\u00a0\u00bbcurve\u00a0\u00bb][et_pb_row admin_label=\u00a0\u00bbSection Title\u00a0\u00bb _builder_version=\u00a0\u00bb4.6.0&Prime; width=\u00a0\u00bb100%\u00a0\u00bb custom_margin=\u00a0\u00bb21px|auto||auto||\u00a0\u00bb custom_padding=\u00a0\u00bb0px|0px|0px|0px||\u00a0\u00bb locked=\u00a0\u00bboff\u00a0\u00bb][et_pb_column type=\u00a0\u00bb4_4&Prime; _builder_version=\u00a0\u00bb3.25&Prime; custom_padding=\u00a0\u00bb|||\u00a0\u00bb custom_padding__hover=\u00a0\u00bb|||\u00a0\u00bb][et_pb_text admin_label=\u00a0\u00bbTitle\u00a0\u00bb _builder_version=\u00a0\u00bb4.6.0&Prime; text_font=\u00a0\u00bb||||||||\u00a0\u00bb header_font=\u00a0\u00bbCaveat||||||||\u00a0\u00bb header_text_color=\u00a0\u00bb#ffffff\u00a0\u00bb header_font_size=\u00a0\u00bb42px\u00a0\u00bb header_2_font=\u00a0\u00bbMontserrat|600||on|||||\u00a0\u00bb header_2_text_align=\u00a0\u00bbcenter\u00a0\u00bb header_2_font_size=\u00a0\u00bb30px\u00a0\u00bb background_color=\u00a0\u00bb#24b4d8&Prime; custom_margin=\u00a0\u00bb||5px|\u00a0\u00bb custom_padding=\u00a0\u00bb1%||1%|2%|false|false\u00a0\u00bb animation_style=\u00a0\u00bbslide\u00a0\u00bb animation_direction=\u00a0\u00bbtop\u00a0\u00bb animation_intensity_slide=\u00a0\u00bb20%\u00a0\u00bb animation_starting_opacity=\u00a0\u00bb100%\u00a0\u00bb]<\/p>\n<h1>Mentions l\u00e9gales<\/h1>\n<p>[\/et_pb_text][\/et_pb_column][\/et_pb_row][et_pb_row make_equal=\u00a0\u00bbon\u00a0\u00bb _builder_version=\u00a0\u00bb4.6.1&Prime; _module_preset=\u00a0\u00bbdefault\u00a0\u00bb width=\u00a0\u00bb100%\u00a0\u00bb custom_margin=\u00a0\u00bb14px|auto||auto|false|false\u00a0\u00bb custom_padding=\u00a0\u00bb0px||0px|||\u00a0\u00bb][et_pb_column type=\u00a0\u00bb4_4&Prime; _builder_version=\u00a0\u00bb4.5.7&Prime; _module_preset=\u00a0\u00bbdefault\u00a0\u00bb][et_pb_cta button_text=\u00a0\u00bbClics\u00a0\u00bb _builder_version=\u00a0\u00bb4.6.1&Prime; _module_preset=\u00a0\u00bbdefault\u00a0\u00bb header_font=\u00a0\u00bb|600|||||||\u00a0\u00bb header_text_color=\u00a0\u00bb#24b4d8&Prime; background_color=\u00a0\u00bb#2a3443&Prime; text_orientation=\u00a0\u00bbleft\u00a0\u00bb box_shadow_style=\u00a0\u00bbpreset2&Prime;]<\/p>\n<div class=\"ce_text first block\">\n<h2>Propri\u00e9taire du site :<\/h2>\n<p>D\u00e9nomination sociale : Mairie de Champdeniers<br \/> Adresse : 30 Grand Rue 79220 Champdeniers-Saint-Denis<br \/> tel. fixe : 05 49 25 80 47<br \/> Adresse email : <a target=\"_blank\" rel=\"noopener noreferrer\">contact@champdeniers.fr <\/a><\/p>\n<h2>Directeur de la publication :<\/h2>\n<p>Alain CAPELLE<br \/> L&rsquo;\u00e9diteur s&rsquo;engage \u00e0 respecter l&rsquo;ensemble des lois concernant la mise en place et l&rsquo;activit\u00e9 d&rsquo;un site Internet.<\/p>\n<h2>Site h\u00e9berg\u00e9 chez :<\/h2>\n<p>OVH<br \/> 2 rue Kellermann<br \/> 59100 Roubaix<\/p>\n<h2>Cr\u00e9ation du site internet :<\/h2>\n<p>Tenor Conseil<br \/> 24 rue de la R\u00e9publique<br \/> 17138 Saint Xandre<br \/> T\u00e9l. : 05 46 45 37 67<\/p>\n<p>Adresse Mail : <a>contact@tenorconseil.com<\/a><br \/> SIRET : 82343254700037<\/p>\n<h2>Photos<\/h2>\n<p>Marie de Champdeniers, Tenor Conseil, Adobe Stock,\u00a0<a href=\"https:\/\/pixabay.com\/fr\/\" target=\"_blank\" rel=\"noopener noreferrer\">Pixabay<\/a><\/p>\n<h2>Limites de responsabilit\u00e9s :<\/h2>\n<p>Le contenu de ce site peut comporter des erreurs et\/ou des inexactitudes et\/ou des omissions techniques et typographiques, ce que vous reconnaissez et acceptez en utilisant ce site. Les informations contenues dans le site sont non-contractuelles et sujettes \u00e0 modification sans pr\u00e9avis.<\/p>\n<p>Les informations pr\u00e9sent\u00e9es sur le site sont r\u00e9guli\u00e8rement mises \u00e0 jour. De ce fait, la Mairie de Champdeniers ne garantit pas que les fonctions ou certaines pages du site seront en ligne et assur\u00e9es sans interruption et sans erreur, ni que le site ou le serveur qui les met \u00e0 disposition sont exempts de virus et autres composants dangereux. En aucun cas, la Communaut\u00e9 de Communes Val de G\u00e2tine pourra \u00eatre tenue responsable des pr\u00e9judices fortuits, directs ou indirects r\u00e9sultant de l&rsquo;utilisation des \u00e9l\u00e9ments du site.<\/p>\n<p>Ce site Web peut fournir des liens ou des r\u00e9f\u00e9rences \u00e0 d&rsquo;autres sites non contr\u00f4l\u00e9s par la Mairie de Champdeniers. En cons\u00e9quence, Mairie de Champdeniers d\u00e9cline toute responsabilit\u00e9 quand aux contenus de ces autres sites et ne saurait \u00eatre tenu responsable de tous dommages-int\u00e9r\u00eats ou dommages d\u00e9coulant de l&rsquo;utilisation ou recours \u00e0 de tels contenus ni de l&rsquo;acc\u00e8s ou de l&rsquo;impossibilit\u00e9 d&rsquo;acc\u00e8s \u00e0 ces sites.<\/p>\n<p>Tout le contenu textuel et graphique du site est produit et fourni par la Mairie de Champdeniers et sont sous leur responsabilit\u00e9.<\/p>\n<h2>Donn\u00e9es personnelles :<\/h2>\n<p>Mairie de Champdeniers s&rsquo;engage \u00e0 ce que la collecte et le traitement de vos donn\u00e9es effectu\u00e9s \u00e0 partir du site https:\/\/www.champdeniers.fr, soient conformes au r\u00e8glement g\u00e9n\u00e9ral sur la protection des donn\u00e9es (RGPD) et \u00e0 la loi Informatique et Libert\u00e9s. Vous disposez de droits vous permettant d&rsquo;acc\u00e9der \u00e0 vos donn\u00e9es, demander leur rectification en cas d\u2019erreur, demander leur effacement, demander la limitation de leur traitement, demander leur portabilit\u00e9, vous opposer \u00e0 leur traitement, d\u00e9finir des directives relatives \u00e0 leur sort apr\u00e8s votre d\u00e9c\u00e8s. Pour mieux conna\u00eetre vos droits, consultez le site de la <a href=\"https:\/\/www.cnil.fr\/fr\/les-droits-pour-maitriser-vos-donnees-personnelles\/\">CNIL<\/a>. Vous pouvez exercer vos droits en vous adressant \u00e0 : Mairie de Champdeniers -30 Grand Rue -79220 Champdeniers-Saint-Denis &#8211;\u00a0<a target=\"_blank\" rel=\"noopener noreferrer\">contact@champdeniers.fr <\/a><br \/> De mani\u00e8re g\u00e9n\u00e9rale, vous n\u2019\u00eates pas tenu de nous communiquer vos donn\u00e9es personnelles lorsque vous visitez notre site Internet https:\/\/www.champdeniers.fr<br \/> Cependant, pour certains services propos\u00e9s par notre site, vous pouvez \u00eatre amen\u00e9s \u00e0 nous communiquer certaines donn\u00e9es telles que : votre nom, votre ville, votre adresse \u00e9lectronique, votre num\u00e9ro de t\u00e9l\u00e9phone, . Tel est le cas lorsque vous remplissez le Formulaire de contact. A tout moment, vous pouvez refuser de fournir ces donn\u00e9es personnelles. Dans ce cas, vous ne pourrez pas utiliser les services du site, notamment celui de solliciter en ligne des renseignements sur notre structure.<br \/> Enfin, nous pouvons collecter de mani\u00e8re automatique certaines informations vous concernant lors d\u2019une simple navigation sur notre site Internet. R\u00e9f\u00e9rez-vous au paragraphe \u201cUtilisation de cookies\u201d, ci-dessous.<\/p>\n<h2>Formulaires de contact<\/h2>\n<p>Les informations recueillies sur les formulaires de contact sont enregistr\u00e9es dans un fichier informatis\u00e9 par Alain Capelle &#8211; Mairie de Champdeniers, pour la gestion des messages de contact. Elles sont conserv\u00e9es le temps n\u00e9cessaire \u00e0 la gestion de la relation commerciale, et en tout \u00e9tat de cause, maximum 3 ans \u00e0 compter de leur collecte par le responsable de traitement ou du dernier contact \u00e9manant de l&rsquo;usager, et sont destin\u00e9es \u00e0 Mairie de Champdeniers. Conform\u00e9ment au R\u00e8glement G\u00e9n\u00e9ral sur la Protection des Donn\u00e9es (RGPD), vous pouvez exercer vos diff\u00e9rents droits sur les donn\u00e9es vous concernant et les faire rectifier en contactant : Mairie de Champdeniers &#8211; Alain Capelle &#8211; 30 Grand Rue 79220 Champdeniers-Saint-Denis &#8211; <a>contact@champdeniers.fr<\/a><\/p>\n<p><a><\/a><\/p>\n<\/div>\n<h2>Utilisation de cookies<\/h2>\n<p>Les \u00ab cookies \u00bb (ou t\u00e9moins de connexion) sont des petits fichiers texte de taille limit\u00e9e qui nous permettent de reconna\u00eetre votre ordinateur, votre tablette ou votre mobile aux fins de personnaliser les services que nous vous proposons. Ils sont utilis\u00e9s exclusivement pour nos besoins propres afin d\u2019am\u00e9liorer l\u2019interactivit\u00e9 et la performance de notre site web.<br \/> Lors de votre premi\u00e8re connexion sur le site web de https:\/\/www.champdeniers.fr\u00a0vous \u00eates avertis par un bandeau en bas de votre \u00e9cran que des informations relatives \u00e0 votre navigation sont susceptibles d\u2019\u00eatre enregistr\u00e9es dans ces fichiers d\u00e9nomm\u00e9s \u00ab cookies \u00bb.<br \/> Nous collectons notamment des informations concernant l\u2019utilisation de notre site, comme les zones que vous visitez et les services auxquels vous acc\u00e9dez, votre adresse IP, le type de votre navigateur, vos temps d\u2019acc\u00e8s, destin\u00e9es \u00e0 mesurer l\u2019audience de notre site Internet.<br \/> Vous pouvez accepter ou refuser le d\u00e9p\u00f4t de cookies \u00e0 tout moment.<br \/> Lors de votre premi\u00e8re connexion sur le site web de <a href=\"http:\/\/www.2020.champdeniers.fr\">https:\/\/www.champdeniers.fr<\/a>\u00a0, une banni\u00e8re pr\u00e9sentant bri\u00e8vement des informations relatives au d\u00e9p\u00f4t de cookies et de technologies similaires appara\u00eet en bas de votre \u00e9cran. Cette banni\u00e8re vous avertit qu\u2019en poursuivant votre navigation sur le site web de <a href=\"http:\/\/www.2020.champdeniers.fr\">https:\/\/www.champdeniers.fr<\/a>\u00a0en chargeant une nouvelle page ou en cliquant sur divers \u00e9l\u00e9ments du site par exemple), vous acceptez le d\u00e9p\u00f4t de cookies sur votre terminal.<br \/> Vous pouvez d\u00e9sactiver les cookies directement en cliquant sur ce lien : Gestion des cookies.<\/p>\n<h2>Droit d&rsquo;opposition et de retrait :<\/h2>\n<p>Nous nous engageons \u00e0 vous offrir un droit d&rsquo;opposition et de retrait quant \u00e0 vos renseignements personnels. Le droit d&rsquo;opposition s&rsquo;entend comme \u00e9tant la possibilit\u00e9 offerte aux internautes de refuser que leurs renseignements personnels soient utilis\u00e9s \u00e0 certaines fins mentionn\u00e9es lors de la collecte. Le droit de retrait s&rsquo;entend comme \u00e9tant la possibilit\u00e9 offerte aux internautes de demander \u00e0 ce que leurs renseignements personnels ne figurent plus, par exemple, dans une liste de diffusion.<\/p>\n<h2>Droit d&rsquo;acc\u00e8s<\/h2>\n<p>Nous nous engageons \u00e0 reconna\u00eetre un droit d&rsquo;acc\u00e8s et de rectification aux personnes concern\u00e9es d\u00e9sireuses de consulter, modifier, voire radier les informations les concernant.<\/p>\n<h2>Droits d&rsquo;auteur :<\/h2>\n<p>Le titre, la conception, la forme du site https:\/\/www.champdeniers.fr\u00a0mais aussi son contenu sont la propri\u00e9t\u00e9 de la Mairie de Champdeniers. Toute utilisation d&rsquo;\u00e9l\u00e9ments du site https:\/\/www.champdeniers.fr\u00a0y compris la reproduction, la modification, la diffusion ou la re-publication, sans l&rsquo;autorisation \u00e9crite pr\u00e9alable de la Mairie de Champdeniers, est strictement interdite et constitutive d&rsquo;une contrefa\u00e7on sanctionn\u00e9e p\u00e9nalement. Toute demande d&rsquo;autorisation de reproduction d&rsquo;une quelconque information contenue dans le site doit \u00eatre adress\u00e9e \u00e0 <a target:=\"\" _blank=\"\">contact@champdeniers.fr<\/a> de l&rsquo;entreprise et\/ou <a target:=\"\" _blank=\"\">contact@tenorconseil.com<\/a><\/p>\n<p>[\/et_pb_cta][\/et_pb_column][\/et_pb_row][\/et_pb_section][et_pb_section fb_built=\u00a0\u00bb1&Prime; admin_label=\u00a0\u00bbWork Process Section\u00a0\u00bb _builder_version=\u00a0\u00bb4.6.1&Prime; background_color=\u00a0\u00bb#2a3443&Prime; custom_margin=\u00a0\u00bb||||false|false\u00a0\u00bb custom_padding=\u00a0\u00bb||||false|false\u00a0\u00bb top_divider_flip=\u00a0\u00bbvertical\u00a0\u00bb][et_pb_row column_structure=\u00a0\u00bb1_5,1_5,3_5&Prime; module_id=\u00a0\u00bbcontact\u00a0\u00bb module_class=\u00a0\u00bbthree_columns\u00a0\u00bb _builder_version=\u00a0\u00bb4.6.1&Prime; _module_preset=\u00a0\u00bbdefault\u00a0\u00bb width=\u00a0\u00bb100%\u00a0\u00bb custom_margin=\u00a0\u00bb|auto||auto|false|false\u00a0\u00bb global_module=\u00a0\u00bb815&Prime; saved_tabs=\u00a0\u00bball\u00a0\u00bb][et_pb_column type=\u00a0\u00bb1_5&Prime; _builder_version=\u00a0\u00bb4.5.1&Prime; _module_preset=\u00a0\u00bbdefault\u00a0\u00bb][et_pb_image src=\u00a0\u00bbhttp:\/\/champdeniers.tenordigital.fr\/wp-content\/uploads\/2020\/07\/1200px-Blason_ville_fr_Champdeniers_79.svg_.png\u00a0\u00bb title_text=\u00a0\u00bb1200px-Blason_ville_fr_Champdeniers_79.svg\u00a0\u00bb _builder_version=\u00a0\u00bb4.6.1&Prime; _module_preset=\u00a0\u00bbdefault\u00a0\u00bb max_height=\u00a0\u00bb150px\u00a0\u00bb][\/et_pb_image][\/et_pb_column][et_pb_column type=\u00a0\u00bb1_5&Prime; _builder_version=\u00a0\u00bb4.5.7&Prime; _module_preset=\u00a0\u00bbdefault\u00a0\u00bb][et_pb_text content_last_edited=\u00a0\u00bboff|phone\u00a0\u00bb _builder_version=\u00a0\u00bb4.6.1&Prime; _module_preset=\u00a0\u00bb149470cd-d3b5-4534-94fd-11936572701e\u00a0\u00bb]<\/p>\n<p><strong>Mairie de Champdeniers<br \/> <\/strong>79220 CHAMPDENIERS<br \/> T\u00e9l : 05 49 25 80 47<\/p>\n<p><span style=\"text-decoration: underline;\"><span style=\"color: #ffffff;\"><a href=\"https:\/\/www.geoportail.gouv.fr\/carte?c=-0.40956910327707635,46.48343253917716&amp;z=16&amp;l0=ADMINISTRATIVEUNITS.BOUNDARIES::GEOPORTAIL:OGC:WMTS(1)&amp;l1=GEOGRAPHICALGRIDSYSTEMS.PLANIGNV2::GEOPORTAIL:OGC:WMTS(1)&amp;permalink=yes\" style=\"color: #ffffff; text-decoration: underline;\" target=\"_blank\" rel=\"noopener noreferrer\" title=\"Plan d'acc\u00e8s\">Plan d&rsquo;acc\u00e8s<\/a><\/span><\/span><\/p>\n<p>[\/et_pb_text][et_pb_button button_url=\u00a0\u00bbmailto:contact@champdeniers.fr\u00a0\u00bb button_text=\u00a0\u00bbNOUS ECRIRE\u00a0\u00bb button_alignment=\u00a0\u00bbleft\u00a0\u00bb _builder_version=\u00a0\u00bb4.6.1&Prime; _module_preset=\u00a0\u00bbdefault\u00a0\u00bb custom_button=\u00a0\u00bbon\u00a0\u00bb button_text_size=\u00a0\u00bb12px\u00a0\u00bb button_text_color=\u00a0\u00bb#2a3443&Prime; button_bg_color=\u00a0\u00bb#ffffff\u00a0\u00bb button_border_width=\u00a0\u00bb2px\u00a0\u00bb button_border_color=\u00a0\u00bb#ffffff\u00a0\u00bb button_border_radius=\u00a0\u00bb0px\u00a0\u00bb button_letter_spacing=\u00a0\u00bb0px\u00a0\u00bb button_icon=\u00a0\u00bb%%238%%\u00a0\u00bb button_icon_color=\u00a0\u00bb#2a3443&Prime; button_icon_placement=\u00a0\u00bbleft\u00a0\u00bb button_on_hover=\u00a0\u00bboff\u00a0\u00bb custom_padding=\u00a0\u00bb5px|10px|5px|20px|false|false\u00a0\u00bb button_text_size_tablet=\u00a0\u00bb\u00a0\u00bb button_text_size_phone=\u00a0\u00bb8px\u00a0\u00bb button_text_size_last_edited=\u00a0\u00bbon|phone\u00a0\u00bb box_shadow_style=\u00a0\u00bbpreset2&Prime; box_shadow_spread=\u00a0\u00bb-9px\u00a0\u00bb box_shadow_color=\u00a0\u00bb#ffffff\u00a0\u00bb][\/et_pb_button][\/et_pb_column][et_pb_column type=\u00a0\u00bb3_5&Prime; _builder_version=\u00a0\u00bb4.5.7&Prime; _module_preset=\u00a0\u00bbdefault\u00a0\u00bb][et_pb_text _builder_version=\u00a0\u00bb4.6.1&Prime; _module_preset=\u00a0\u00bb149470cd-d3b5-4534-94fd-11936572701e\u00a0\u00bb]<\/p>\n<p><span style=\"color: #ffffff;\"><strong>Horaires d&rsquo;ouverture :<\/strong><\/span><br \/> <span style=\"color: #ffffff;\"> &#8211; Mardi, jeudi et vendredi : de\u00a0 8 h 30 \u00e0 12 h <\/span><br \/> <span style=\"color: #ffffff;\"> &#8211; Mercredi de 13 h 30 \u00e0 17 h<\/span><br \/> <span style=\"color: #ffffff;\"> &#8211; Samedi de 10h \u00e0 12h<\/span><\/p>\n<p>&nbsp;<\/p>\n<p>[\/et_pb_text][et_pb_button button_text=\u00a0\u00bbS&rsquo;ABONNER \u00c0 LA NEWSLETTER\u00a0\u00bb button_alignment=\u00a0\u00bbright\u00a0\u00bb disabled_on=\u00a0\u00bbon|on|on\u00a0\u00bb _builder_version=\u00a0\u00bb4.6.1&Prime; _module_preset=\u00a0\u00bbdefault\u00a0\u00bb custom_button=\u00a0\u00bbon\u00a0\u00bb button_text_size=\u00a0\u00bb12px\u00a0\u00bb button_text_color=\u00a0\u00bb#2a3443&Prime; button_bg_color=\u00a0\u00bb#ffffff\u00a0\u00bb button_border_width=\u00a0\u00bb8px\u00a0\u00bb button_border_color=\u00a0\u00bb#ffffff\u00a0\u00bb button_border_radius=\u00a0\u00bb0px\u00a0\u00bb button_letter_spacing=\u00a0\u00bb0px\u00a0\u00bb button_icon=\u00a0\u00bb%%208%%\u00a0\u00bb button_icon_color=\u00a0\u00bb#000000&Prime; button_icon_placement=\u00a0\u00bbleft\u00a0\u00bb button_on_hover=\u00a0\u00bboff\u00a0\u00bb custom_padding=\u00a0\u00bb6px|10px|5px|20px|false|false\u00a0\u00bb box_shadow_style=\u00a0\u00bbpreset2&Prime; box_shadow_spread=\u00a0\u00bb-9px\u00a0\u00bb box_shadow_color=\u00a0\u00bb#ffffff\u00a0\u00bb disabled=\u00a0\u00bbon\u00a0\u00bb][\/et_pb_button][\/et_pb_column][\/et_pb_row][\/et_pb_section]<\/p>\n","protected":false},"excerpt":{"rendered":"<p>Respirez, vous \u00eates \u00e0 ChampdeniersMentions l\u00e9gales Propri\u00e9taire du site : D\u00e9nomination sociale : Mairie de Champdeniers Adresse : 30 Grand Rue 79220 Champdeniers-Saint-Denis tel. fixe : 05 49 25 80 [&hellip;]<\/p>\n","protected":false},"author":1,"featured_media":0,"parent":0,"menu_order":0,"comment_status":"closed","ping_status":"closed","template":"","meta":{"_et_pb_use_builder":"on","_et_pb_old_content":"","_et_gb_content_width":"","footnotes":""},"class_list":["post-1473","page","type-page","status-publish","hentry"],"publishpress_future_action":{"enabled":false,"date":"2026-05-13 21:46:30","action":"change-status","newStatus":"draft","terms":[],"taxonomy":"","extraData":[]},"publishpress_future_workflow_manual_trigger":{"enabledWorkflows":[]},"_links":{"self":[{"href":"https:\/\/www.champdeniers.fr\/index.php\/wp-json\/wp\/v2\/pages\/1473","targetHints":{"allow":["GET"]}}],"collection":[{"href":"https:\/\/www.champdeniers.fr\/index.php\/wp-json\/wp\/v2\/pages"}],"about":[{"href":"https:\/\/www.champdeniers.fr\/index.php\/wp-json\/wp\/v2\/types\/page"}],"author":[{"embeddable":true,"href":"https:\/\/www.champdeniers.fr\/index.php\/wp-json\/wp\/v2\/users\/1"}],"replies":[{"embeddable":true,"href":"https:\/\/www.champdeniers.fr\/index.php\/wp-json\/wp\/v2\/comments?post=1473"}],"version-history":[{"count":6,"href":"https:\/\/www.champdeniers.fr\/index.php\/wp-json\/wp\/v2\/pages\/1473\/revisions"}],"predecessor-version":[{"id":2027,"href":"https:\/\/www.champdeniers.fr\/index.php\/wp-json\/wp\/v2\/pages\/1473\/revisions\/2027"}],"wp:attachment":[{"href":"https:\/\/www.champdeniers.fr\/index.php\/wp-json\/wp\/v2\/media?parent=1473"}],"curies":[{"name":"wp","href":"https:\/\/api.w.org\/{rel}","templated":true}]}}