{"id":1149,"date":"2020-09-05T11:39:38","date_gmt":"2020-09-05T09:39:38","guid":{"rendered":"http:\/\/www.2020.champdeniers.fr\/?page_id=1149"},"modified":"2020-09-07T20:07:03","modified_gmt":"2020-09-07T18:07:03","slug":"solidarite","status":"publish","type":"page","link":"https:\/\/www.champdeniers.fr\/index.php\/solidarite\/","title":{"rendered":"Solidarit\u00e9"},"content":{"rendered":"<p>[et_pb_section fb_built=\u00a0\u00bb1&Prime; next_background_color=\u00a0\u00bb#f7f7f7&Prime; admin_label=\u00a0\u00bbHero Section\u00a0\u00bb _builder_version=\u00a0\u00bb4.5.7&Prime; use_background_color_gradient=\u00a0\u00bbon\u00a0\u00bb background_color_gradient_start=\u00a0\u00bbrgba(255,255,255,0)\u00a0\u00bb background_color_gradient_end=\u00a0\u00bbrgba(255,255,255,0.4)\u00a0\u00bb background_color_gradient_overlays_image=\u00a0\u00bbon\u00a0\u00bb background_image=\u00a0\u00bbhttp:\/\/champdeniers.tenordigital.fr\/wp-content\/uploads\/2020\/07\/DSC05333-1-scaled.jpeg\u00a0\u00bb parallax=\u00a0\u00bbon\u00a0\u00bb custom_padding=\u00a0\u00bb4.8%||9.3%|||\u00a0\u00bb bottom_divider_style=\u00a0\u00bbcurve\u00a0\u00bb bottom_divider_height=\u00a0\u00bb60px\u00a0\u00bb background_color_gradient_direction__hover=\u00a0\u00bb180deg\u00a0\u00bb background_color_gradient_direction__hover_enabled=\u00a0\u00bb180deg\u00a0\u00bb background_color_gradient_start_position__hover=\u00a0\u00bb0%\u00a0\u00bb background_color_gradient_start_position__hover_enabled=\u00a0\u00bb0%\u00a0\u00bb background_color_gradient_end_position__hover=\u00a0\u00bb100%\u00a0\u00bb background_color_gradient_end_position__hover_enabled=\u00a0\u00bb100%\u00a0\u00bb][et_pb_row _builder_version=\u00a0\u00bb3.25&Prime; custom_padding=\u00a0\u00bb0px|||||\u00a0\u00bb][et_pb_column type=\u00a0\u00bb4_4&Prime; _builder_version=\u00a0\u00bb3.25&Prime; custom_padding=\u00a0\u00bb|||\u00a0\u00bb custom_padding__hover=\u00a0\u00bb|||\u00a0\u00bb][et_pb_text admin_label=\u00a0\u00bbHero Section Title\u00a0\u00bb _builder_version=\u00a0\u00bb4.5.7&Prime; text_font=\u00a0\u00bbCaveat|||on|||||\u00a0\u00bb text_font_size=\u00a0\u00bb12px\u00a0\u00bb header_font=\u00a0\u00bbCaveat|600|||||||\u00a0\u00bb header_text_color=\u00a0\u00bb#ffffff\u00a0\u00bb header_font_size=\u00a0\u00bb100px\u00a0\u00bb header_letter_spacing=\u00a0\u00bb3px\u00a0\u00bb header_line_height=\u00a0\u00bb1.3em\u00a0\u00bb header_2_font=\u00a0\u00bbCaveat|700|||||||\u00a0\u00bb header_2_text_color=\u00a0\u00bbrgba(255,255,255,0.86)\u00a0\u00bb header_2_font_size=\u00a0\u00bb40px\u00a0\u00bb header_2_letter_spacing=\u00a0\u00bb3px\u00a0\u00bb header_2_line_height=\u00a0\u00bb1.1em\u00a0\u00bb text_orientation=\u00a0\u00bbcenter\u00a0\u00bb background_layout=\u00a0\u00bbdark\u00a0\u00bb module_alignment=\u00a0\u00bbcenter\u00a0\u00bb custom_margin=\u00a0\u00bb||60px|\u00a0\u00bb custom_padding=\u00a0\u00bb25px|||||\u00a0\u00bb animation_style=\u00a0\u00bbslide\u00a0\u00bb animation_direction=\u00a0\u00bbbottom\u00a0\u00bb animation_intensity_slide=\u00a0\u00bb5%\u00a0\u00bb header_font_size_tablet=\u00a0\u00bb\u00a0\u00bb header_font_size_phone=\u00a0\u00bb28px\u00a0\u00bb header_font_size_last_edited=\u00a0\u00bbon|phone\u00a0\u00bb header_2_font_size_tablet=\u00a0\u00bb\u00a0\u00bb header_2_font_size_phone=\u00a0\u00bb50px\u00a0\u00bb header_2_font_size_last_edited=\u00a0\u00bbon|phone\u00a0\u00bb header_text_shadow_style=\u00a0\u00bbpreset2&Prime; header_text_shadow_blur_strength=\u00a0\u00bb0.17em\u00a0\u00bb header_text_shadow_color=\u00a0\u00bb#000000&Prime;]<\/p>\n<h2>Respirez, vous \u00eates \u00e0<\/h2>\n<h1><strong>Champdeniers<\/strong><\/h1>\n<p>[\/et_pb_text][\/et_pb_column][\/et_pb_row][\/et_pb_section][et_pb_section fb_built=\u00a0\u00bb1&Prime; admin_label=\u00a0\u00bbAbout Section\u00a0\u00bb _builder_version=\u00a0\u00bb4.6.1&Prime; background_color=\u00a0\u00bb#f7f7f7&Prime; min_height=\u00a0\u00bb426px\u00a0\u00bb custom_padding=\u00a0\u00bb25px||128px||false|false\u00a0\u00bb bottom_divider_color=\u00a0\u00bb#ffffff\u00a0\u00bb global_module=\u00a0\u00bb860&Prime; saved_tabs=\u00a0\u00bball\u00a0\u00bb][et_pb_row _builder_version=\u00a0\u00bb4.5.7&Prime; _module_preset=\u00a0\u00bbdefault\u00a0\u00bb custom_margin=\u00a0\u00bb-67px|auto||auto||\u00a0\u00bb][et_pb_column type=\u00a0\u00bb4_4&Prime; _builder_version=\u00a0\u00bb4.5.7&Prime; _module_preset=\u00a0\u00bbdefault\u00a0\u00bb][et_pb_image src=\u00a0\u00bbhttp:\/\/www.2020.champdeniers.fr\/wp-content\/uploads\/2020\/08\/mains.png\u00a0\u00bb title_text=\u00a0\u00bbmains\u00a0\u00bb align=\u00a0\u00bbcenter\u00a0\u00bb _builder_version=\u00a0\u00bb4.6.1&Prime; _module_preset=\u00a0\u00bbdefault\u00a0\u00bb width=\u00a0\u00bb22%\u00a0\u00bb custom_margin=\u00a0\u00bb-10%||||false|false\u00a0\u00bb][\/et_pb_image][\/et_pb_column][\/et_pb_row][et_pb_row admin_label=\u00a0\u00bbSection Title\u00a0\u00bb _builder_version=\u00a0\u00bb4.5.7&Prime; width=\u00a0\u00bb100%\u00a0\u00bb custom_margin=\u00a0\u00bb21px|auto||auto||\u00a0\u00bb custom_padding=\u00a0\u00bb0px|0px|0px|0px||\u00a0\u00bb locked=\u00a0\u00bboff\u00a0\u00bb][et_pb_column type=\u00a0\u00bb4_4&Prime; _builder_version=\u00a0\u00bb3.25&Prime; custom_padding=\u00a0\u00bb|||\u00a0\u00bb custom_padding__hover=\u00a0\u00bb|||\u00a0\u00bb][et_pb_text admin_label=\u00a0\u00bbTitle\u00a0\u00bb _builder_version=\u00a0\u00bb4.6.1&Prime; text_font=\u00a0\u00bb||||||||\u00a0\u00bb header_font=\u00a0\u00bbCaveat||||||||\u00a0\u00bb header_text_color=\u00a0\u00bb#ffffff\u00a0\u00bb header_font_size=\u00a0\u00bb42px\u00a0\u00bb header_2_font=\u00a0\u00bbMontserrat|600||on|||||\u00a0\u00bb header_2_text_align=\u00a0\u00bbcenter\u00a0\u00bb header_2_font_size=\u00a0\u00bb30px\u00a0\u00bb background_color=\u00a0\u00bb#24b4d8&Prime; custom_margin=\u00a0\u00bb||5px|\u00a0\u00bb custom_padding=\u00a0\u00bb1%||1%|2%|false|false\u00a0\u00bb animation_style=\u00a0\u00bbslide\u00a0\u00bb animation_direction=\u00a0\u00bbtop\u00a0\u00bb animation_intensity_slide=\u00a0\u00bb20%\u00a0\u00bb animation_starting_opacity=\u00a0\u00bb100%\u00a0\u00bb]<\/p>\n<h1>Solidarit\u00e9<\/h1>\n<p>[\/et_pb_text][\/et_pb_column][\/et_pb_row][et_pb_row column_structure=\u00a0\u00bb1_3,1_3,1_3&Prime; make_equal=\u00a0\u00bbon\u00a0\u00bb _builder_version=\u00a0\u00bb4.6.1&Prime; _module_preset=\u00a0\u00bbdefault\u00a0\u00bb width=\u00a0\u00bb100%\u00a0\u00bb min_height=\u00a0\u00bb110px\u00a0\u00bb custom_margin=\u00a0\u00bb14px|auto|||false|false\u00a0\u00bb custom_padding=\u00a0\u00bb0px||0px|||\u00a0\u00bb][et_pb_column type=\u00a0\u00bb1_3&Prime; _builder_version=\u00a0\u00bb4.5.7&Prime; _module_preset=\u00a0\u00bbdefault\u00a0\u00bb][et_pb_cta button_text=\u00a0\u00bbClics\u00a0\u00bb _builder_version=\u00a0\u00bb4.6.1&Prime; _module_preset=\u00a0\u00bbdefault\u00a0\u00bb body_line_height=\u00a0\u00bb1.5em\u00a0\u00bb background_color=\u00a0\u00bb#2a3443&Prime; transform_origin=\u00a0\u00bb50%|16%\u00a0\u00bb height=\u00a0\u00bb400px\u00a0\u00bb custom_padding=\u00a0\u00bb||40px|||\u00a0\u00bb transform_styles__hover_enabled=\u00a0\u00bbon|desktop\u00a0\u00bb transform_scale__hover_enabled=\u00a0\u00bbon|desktop\u00a0\u00bb transform_translate__hover_enabled=\u00a0\u00bbon|desktop\u00a0\u00bb transform_rotate__hover_enabled=\u00a0\u00bbon|desktop\u00a0\u00bb transform_skew__hover_enabled=\u00a0\u00bbon|desktop\u00a0\u00bb transform_origin__hover_enabled=\u00a0\u00bbon|desktop\u00a0\u00bb]<\/p>\n<h3 class=\"pub-teaser\" style=\"text-align: center;\"><a href=\"https:\/\/www.valdegatine.fr\/p\u00e9riscolaire-mercredi.html\"><img loading=\"lazy\" decoding=\"async\" src=\"http:\/\/www.2020.champdeniers.fr\/wp-content\/uploads\/2020\/09\/aide_sociale-150x150.png\" width=\"150\" height=\"150\" alt=\"\" class=\"wp-image-1161 alignnone size-thumbnail\" \/><\/a><\/h3>\n<h3 class=\"pub-teaser\" style=\"text-align: left;\"><strong>AIDE SOCIALE<\/strong><\/h3>\n<div class=\"pub-teaser\" style=\"text-align: left;\">\n<p><span>Relais M\u00e9dico-Social de Coulonges<br \/> <\/span>20 rue de l\u2019\u00e9pargne<br \/> 79160 COULONGE SUR L&rsquo;AUTIZE<br \/> <strong>05 49 16 10 11<\/strong><\/p>\n<p><span>\u00a0<\/span><\/p>\n<\/div>\n<p>[\/et_pb_cta][\/et_pb_column][et_pb_column type=\u00a0\u00bb1_3&Prime; _builder_version=\u00a0\u00bb4.5.7&Prime; _module_preset=\u00a0\u00bbdefault\u00a0\u00bb][et_pb_cta button_text=\u00a0\u00bbClics\u00a0\u00bb _builder_version=\u00a0\u00bb4.6.1&Prime; _module_preset=\u00a0\u00bbdefault\u00a0\u00bb body_line_height=\u00a0\u00bb1.5em\u00a0\u00bb background_color=\u00a0\u00bb#2a3443&Prime; transform_origin=\u00a0\u00bb50%|16%\u00a0\u00bb height=\u00a0\u00bb400px\u00a0\u00bb custom_padding=\u00a0\u00bb||40px|||\u00a0\u00bb transform_styles__hover_enabled=\u00a0\u00bbon|desktop\u00a0\u00bb transform_scale__hover_enabled=\u00a0\u00bbon|desktop\u00a0\u00bb transform_translate__hover_enabled=\u00a0\u00bbon|desktop\u00a0\u00bb transform_rotate__hover_enabled=\u00a0\u00bbon|desktop\u00a0\u00bb transform_skew__hover_enabled=\u00a0\u00bbon|desktop\u00a0\u00bb transform_origin__hover_enabled=\u00a0\u00bbon|desktop\u00a0\u00bb]<\/p>\n<h3 class=\"pub-teaser\" style=\"text-align: center;\"><a href=\"https:\/\/ad79.restosducoeur.org\/centres-departementaux\/ad79-centre-dactivites-champdeniers-st-denis\/\"><img loading=\"lazy\" decoding=\"async\" src=\"http:\/\/www.2020.champdeniers.fr\/wp-content\/uploads\/2020\/09\/restos_du_coeur-150x150.jpg\" width=\"150\" height=\"150\" alt=\"\" class=\"wp-image-1162 alignnone size-thumbnail\" \/><\/a><\/h3>\n<h3 class=\"pub-teaser\" style=\"text-align: left;\"><strong>RESTOS DU COEUR<\/strong><\/h3>\n<div class=\"pub-teaser\" style=\"text-align: left;\">\n<p><strong>AD79 : CENTRE D\u2019ACTIVIT\u00c9S CHAMPDENIERS ST-DENIS<\/strong><br \/><span>Salle de la Croix Rouge un vendredi sur 2 de 10h \u00e0 12h<\/span><br \/>79220 CHAMPDENIERS ST-DENIS<br \/>@\u00a0<a href=\"mailto:ad79.champdeniers@restosducoeur.org\">ad79.champdeniers@restosducoeur.org<\/a><\/p>\n<\/div>\n<p>[\/et_pb_cta][\/et_pb_column][et_pb_column type=\u00a0\u00bb1_3&Prime; _builder_version=\u00a0\u00bb4.5.7&Prime; _module_preset=\u00a0\u00bbdefault\u00a0\u00bb][et_pb_cta button_text=\u00a0\u00bbClics\u00a0\u00bb _builder_version=\u00a0\u00bb4.6.1&Prime; _module_preset=\u00a0\u00bbdefault\u00a0\u00bb body_line_height=\u00a0\u00bb1.5em\u00a0\u00bb background_color=\u00a0\u00bb#2a3443&Prime; transform_origin=\u00a0\u00bb50%|16%\u00a0\u00bb height=\u00a0\u00bb400px\u00a0\u00bb custom_padding=\u00a0\u00bb||40px|||\u00a0\u00bb transform_styles__hover_enabled=\u00a0\u00bbon|desktop\u00a0\u00bb transform_scale__hover_enabled=\u00a0\u00bbon|desktop\u00a0\u00bb transform_translate__hover_enabled=\u00a0\u00bbon|desktop\u00a0\u00bb transform_rotate__hover_enabled=\u00a0\u00bbon|desktop\u00a0\u00bb transform_skew__hover_enabled=\u00a0\u00bbon|desktop\u00a0\u00bb transform_origin__hover_enabled=\u00a0\u00bbon|desktop\u00a0\u00bb]<\/p>\n<h3 class=\"pub-teaser\" style=\"text-align: center;\"><img loading=\"lazy\" decoding=\"async\" src=\"http:\/\/www.2020.champdeniers.fr\/wp-content\/uploads\/2020\/08\/DSC05263-150x150.jpeg\" width=\"150\" height=\"150\" alt=\"\" class=\"wp-image-687 alignnone size-thumbnail\" \/><\/h3>\n<h3 class=\"pub-teaser\" style=\"text-align: left;\"><strong>CENTRE COMMUNAL D&rsquo;ACTION SOCIALE<\/strong><\/h3>\n<div class=\"pub-teaser\" style=\"text-align: left;\">\n<p>Mairie de Champdeniers<br \/> 30, Grand Rue<br \/> 79220 CHAMPDENIERS<br \/> <strong>05 49 25 80 47<\/strong><\/p>\n<p><span><\/span><\/p>\n<\/div>\n<p>[\/et_pb_cta][\/et_pb_column][\/et_pb_row][\/et_pb_section][et_pb_section fb_built=\u00a0\u00bb1&Prime; prev_background_color=\u00a0\u00bb#f7f7f7&Prime; admin_label=\u00a0\u00bbFeature 02&Prime; _builder_version=\u00a0\u00bb4.6.1&Prime; background_color=\u00a0\u00bb#f7f7f7&Prime; background_image=\u00a0\u00bbhttp:\/\/champdeniers.tenordigital.fr\/wp-content\/uploads\/2020\/08\/rayure-verte.png\u00a0\u00bb background_size=\u00a0\u00bbinitial\u00a0\u00bb background_position=\u00a0\u00bbtop_left\u00a0\u00bb background_repeat=\u00a0\u00bbrepeat\u00a0\u00bb background_blend=\u00a0\u00bbluminosity\u00a0\u00bb custom_margin=\u00a0\u00bb0px||||false|false\u00a0\u00bb custom_padding=\u00a0\u00bb50px||150px||false|false\u00a0\u00bb top_divider_style=\u00a0\u00bbslant\u00a0\u00bb top_divider_flip=\u00a0\u00bbvertical\u00a0\u00bb bottom_divider_style=\u00a0\u00bbslant\u00a0\u00bb bottom_divider_color=\u00a0\u00bb#2a3443&Prime; bottom_divider_flip=\u00a0\u00bbhorizontal\u00a0\u00bb hover_enabled=\u00a0\u00bb0&Prime; disabled_on=\u00a0\u00bbon|on|on\u00a0\u00bb disabled=\u00a0\u00bbon\u00a0\u00bb sticky_enabled=\u00a0\u00bb0&Prime;][et_pb_row column_structure=\u00a0\u00bb1_6,1_6,1_6,1_6,1_6,1_6&Prime; admin_label=\u00a0\u00bbSection Title\u00a0\u00bb _builder_version=\u00a0\u00bb4.5.7&Prime; background_color=\u00a0\u00bb#24b4d8&Prime; width=\u00a0\u00bb100%\u00a0\u00bb custom_margin=\u00a0\u00bb-40px|auto||auto||\u00a0\u00bb custom_padding=\u00a0\u00bb28px|10px|0px|10px|false|false\u00a0\u00bb locked=\u00a0\u00bboff\u00a0\u00bb][et_pb_column type=\u00a0\u00bb1_6&Prime; _builder_version=\u00a0\u00bb3.25&Prime; custom_padding=\u00a0\u00bb|||\u00a0\u00bb custom_padding__hover=\u00a0\u00bb|||\u00a0\u00bb][et_pb_text admin_label=\u00a0\u00bbTitle\u00a0\u00bb _builder_version=\u00a0\u00bb4.5.7&Prime; text_font=\u00a0\u00bb||||||||\u00a0\u00bb header_font=\u00a0\u00bbCaveat||||||||\u00a0\u00bb header_text_color=\u00a0\u00bb#ffffff\u00a0\u00bb header_font_size=\u00a0\u00bb42px\u00a0\u00bb header_2_font=\u00a0\u00bbMontserrat|600||on|||||\u00a0\u00bb header_2_text_align=\u00a0\u00bbcenter\u00a0\u00bb header_2_font_size=\u00a0\u00bb30px\u00a0\u00bb background_color=\u00a0\u00bb#24b4d8&Prime; min_height=\u00a0\u00bb106px\u00a0\u00bb custom_margin=\u00a0\u00bb|-34px|5px|||\u00a0\u00bb custom_padding=\u00a0\u00bb1%||1%|2%|false|false\u00a0\u00bb animation_style=\u00a0\u00bbslide\u00a0\u00bb animation_direction=\u00a0\u00bbtop\u00a0\u00bb animation_intensity_slide=\u00a0\u00bb20%\u00a0\u00bb animation_starting_opacity=\u00a0\u00bb100%\u00a0\u00bb]<\/p>\n<h1>En 1 Clic<\/h1>\n<p>[\/et_pb_text][\/et_pb_column][et_pb_column type=\u00a0\u00bb1_6&Prime; _builder_version=\u00a0\u00bb3.25&Prime; custom_padding=\u00a0\u00bb|||\u00a0\u00bb custom_padding__hover=\u00a0\u00bb|||\u00a0\u00bb][et_pb_imageoverlay title=\u00a0\u00bbAgenda\u00a0\u00bb src=\u00a0\u00bbhttp:\/\/champdeniers.tenordigital.fr\/wp-content\/uploads\/2020\/08\/calendrier-1.png\u00a0\u00bb title_text=\u00a0\u00bbcalendrier\u00a0\u00bb hover_overlay_color=\u00a0\u00bbrgba(255,255,255,0.55)\u00a0\u00bb _builder_version=\u00a0\u00bb4.5.7&Prime; _module_preset=\u00a0\u00bbdefault\u00a0\u00bb transform_scale=\u00a0\u00bb90%|90%\u00a0\u00bb border_radii=\u00a0\u00bbon|250px|250px|250px|250px\u00a0\u00bb border_color_all=\u00a0\u00bb#a0a0a0&Prime; box_shadow_style=\u00a0\u00bbpreset2&Prime; transform_styles__hover_enabled=\u00a0\u00bbon|desktop\u00a0\u00bb transform_scale__hover_enabled=\u00a0\u00bbon|desktop\u00a0\u00bb transform_translate__hover_enabled=\u00a0\u00bbon|desktop\u00a0\u00bb transform_rotate__hover_enabled=\u00a0\u00bbon|desktop\u00a0\u00bb transform_skew__hover_enabled=\u00a0\u00bbon|desktop\u00a0\u00bb transform_origin__hover_enabled=\u00a0\u00bbon|desktop\u00a0\u00bb][\/et_pb_imageoverlay][\/et_pb_column][et_pb_column type=\u00a0\u00bb1_6&Prime; _builder_version=\u00a0\u00bb3.25&Prime; custom_padding=\u00a0\u00bb|||\u00a0\u00bb custom_padding__hover=\u00a0\u00bb|||\u00a0\u00bb][et_pb_imageoverlay title=\u00a0\u00bbLoisirs\u00a0\u00bb src=\u00a0\u00bbhttp:\/\/www.2020.champdeniers.fr\/wp-content\/uploads\/2020\/08\/Enfants.png\u00a0\u00bb title_text=\u00a0\u00bbEnfants\u00a0\u00bb hover_overlay_color=\u00a0\u00bbrgba(255,255,255,0.55)\u00a0\u00bb _builder_version=\u00a0\u00bb4.6.1&Prime; _dynamic_attributes=\u00a0\u00bblink_option_url\u00a0\u00bb _module_preset=\u00a0\u00bbdefault\u00a0\u00bb transform_scale=\u00a0\u00bb90%|90%\u00a0\u00bb link_option_url=\u00a0\u00bb@ET-DC@eyJkeW5hbWljIjp0cnVlLCJjb250ZW50IjoicG9zdF9saW5rX3VybF9wYWdlIiwic2V0dGluZ3MiOnsicG9zdF9pZCI6Ijg1MCJ9fQ==@\u00a0\u00bb border_radii=\u00a0\u00bbon|250px|250px|250px|250px\u00a0\u00bb border_color_all=\u00a0\u00bb#a0a0a0&Prime; box_shadow_style=\u00a0\u00bbpreset2&Prime; transform_styles__hover_enabled=\u00a0\u00bbon|desktop\u00a0\u00bb transform_scale__hover_enabled=\u00a0\u00bbon|desktop\u00a0\u00bb transform_translate__hover_enabled=\u00a0\u00bbon|desktop\u00a0\u00bb transform_rotate__hover_enabled=\u00a0\u00bbon|desktop\u00a0\u00bb transform_skew__hover_enabled=\u00a0\u00bbon|desktop\u00a0\u00bb transform_origin__hover_enabled=\u00a0\u00bbon|desktop\u00a0\u00bb][\/et_pb_imageoverlay][\/et_pb_column][et_pb_column type=\u00a0\u00bb1_6&Prime; _builder_version=\u00a0\u00bb3.25&Prime; custom_padding=\u00a0\u00bb|||\u00a0\u00bb custom_padding__hover=\u00a0\u00bb|||\u00a0\u00bb][et_pb_imageoverlay title=\u00a0\u00bbEcoles\u00a0\u00bb src=\u00a0\u00bbhttp:\/\/champdeniers.tenordigital.fr\/wp-content\/uploads\/2020\/08\/cartable.png\u00a0\u00bb title_text=\u00a0\u00bbcartable\u00a0\u00bb hover_overlay_color=\u00a0\u00bbrgba(255,255,255,0.55)\u00a0\u00bb _builder_version=\u00a0\u00bb4.6.1&Prime; _dynamic_attributes=\u00a0\u00bblink_option_url\u00a0\u00bb _module_preset=\u00a0\u00bbdefault\u00a0\u00bb transform_scale=\u00a0\u00bb90%|90%\u00a0\u00bb link_option_url=\u00a0\u00bb@ET-DC@eyJkeW5hbWljIjp0cnVlLCJjb250ZW50IjoicG9zdF9saW5rX3VybF9wYWdlIiwic2V0dGluZ3MiOnsicG9zdF9pZCI6IjU1NSJ9fQ==@\u00a0\u00bb border_radii=\u00a0\u00bbon|250px|250px|250px|250px\u00a0\u00bb border_color_all=\u00a0\u00bb#a0a0a0&Prime; box_shadow_style=\u00a0\u00bbpreset2&Prime; transform_styles__hover_enabled=\u00a0\u00bbon|desktop\u00a0\u00bb transform_scale__hover_enabled=\u00a0\u00bbon|desktop\u00a0\u00bb transform_translate__hover_enabled=\u00a0\u00bbon|desktop\u00a0\u00bb transform_rotate__hover_enabled=\u00a0\u00bbon|desktop\u00a0\u00bb transform_skew__hover_enabled=\u00a0\u00bbon|desktop\u00a0\u00bb transform_origin__hover_enabled=\u00a0\u00bbon|desktop\u00a0\u00bb][\/et_pb_imageoverlay][\/et_pb_column][et_pb_column type=\u00a0\u00bb1_6&Prime; _builder_version=\u00a0\u00bb3.25&Prime; custom_padding=\u00a0\u00bb|||\u00a0\u00bb custom_padding__hover=\u00a0\u00bb|||\u00a0\u00bb][et_pb_imageoverlay title=\u00a0\u00bbMenu de la cantine\u00a0\u00bb src=\u00a0\u00bbhttp:\/\/champdeniers.tenordigital.fr\/wp-content\/uploads\/2020\/08\/repas-enfant-1.png\u00a0\u00bb title_text=\u00a0\u00bbrepas enfant\u00a0\u00bb hover_overlay_color=\u00a0\u00bbrgba(255,255,255,0.55)\u00a0\u00bb _builder_version=\u00a0\u00bb4.5.7&Prime; _module_preset=\u00a0\u00bbdefault\u00a0\u00bb transform_scale=\u00a0\u00bb90%|90%\u00a0\u00bb border_radii=\u00a0\u00bbon|250px|250px|250px|250px\u00a0\u00bb border_color_all=\u00a0\u00bb#a0a0a0&Prime; box_shadow_style=\u00a0\u00bbpreset2&Prime; transform_styles__hover_enabled=\u00a0\u00bbon|desktop\u00a0\u00bb transform_scale__hover_enabled=\u00a0\u00bbon|desktop\u00a0\u00bb transform_translate__hover_enabled=\u00a0\u00bbon|desktop\u00a0\u00bb transform_rotate__hover_enabled=\u00a0\u00bbon|desktop\u00a0\u00bb transform_skew__hover_enabled=\u00a0\u00bbon|desktop\u00a0\u00bb transform_origin__hover_enabled=\u00a0\u00bbon|desktop\u00a0\u00bb][\/et_pb_imageoverlay][\/et_pb_column][et_pb_column type=\u00a0\u00bb1_6&Prime; _builder_version=\u00a0\u00bb3.25&Prime; custom_padding=\u00a0\u00bb|||\u00a0\u00bb custom_padding__hover=\u00a0\u00bb|||\u00a0\u00bb][et_pb_imageoverlay title=\u00a0\u00bbFamille\u00a0\u00bb src=\u00a0\u00bbhttp:\/\/champdeniers.tenordigital.fr\/wp-content\/uploads\/2020\/08\/Jeunesse-1.png\u00a0\u00bb title_text=\u00a0\u00bbJeunesse\u00a0\u00bb hover_overlay_color=\u00a0\u00bbrgba(255,255,255,0.55)\u00a0\u00bb _builder_version=\u00a0\u00bb4.5.7&Prime; _module_preset=\u00a0\u00bbdefault\u00a0\u00bb transform_scale=\u00a0\u00bb90%|90%\u00a0\u00bb border_radii=\u00a0\u00bbon|250px|250px|250px|250px\u00a0\u00bb border_color_all=\u00a0\u00bb#a0a0a0&Prime; box_shadow_style=\u00a0\u00bbpreset2&Prime; transform_styles__hover_enabled=\u00a0\u00bbon|desktop\u00a0\u00bb transform_scale__hover_enabled=\u00a0\u00bbon|desktop\u00a0\u00bb transform_translate__hover_enabled=\u00a0\u00bbon|desktop\u00a0\u00bb transform_rotate__hover_enabled=\u00a0\u00bbon|desktop\u00a0\u00bb transform_skew__hover_enabled=\u00a0\u00bbon|desktop\u00a0\u00bb transform_origin__hover_enabled=\u00a0\u00bbon|desktop\u00a0\u00bb][\/et_pb_imageoverlay][\/et_pb_column][\/et_pb_row][\/et_pb_section][et_pb_section fb_built=\u00a0\u00bb1&Prime; admin_label=\u00a0\u00bbWork Process Section\u00a0\u00bb _builder_version=\u00a0\u00bb4.6.1&Prime; background_color=\u00a0\u00bb#2a3443&Prime; custom_margin=\u00a0\u00bb||||false|false\u00a0\u00bb custom_padding=\u00a0\u00bb||||false|false\u00a0\u00bb top_divider_flip=\u00a0\u00bbvertical\u00a0\u00bb][et_pb_row column_structure=\u00a0\u00bb1_5,1_5,3_5&Prime; module_id=\u00a0\u00bbcontact\u00a0\u00bb _builder_version=\u00a0\u00bb4.6.1&Prime; _module_preset=\u00a0\u00bbdefault\u00a0\u00bb width=\u00a0\u00bb100%\u00a0\u00bb custom_margin=\u00a0\u00bb|auto||auto|false|false\u00a0\u00bb global_module=\u00a0\u00bb815&Prime; saved_tabs=\u00a0\u00bball\u00a0\u00bb][et_pb_column type=\u00a0\u00bb1_5&Prime; _builder_version=\u00a0\u00bb4.5.1&Prime; _module_preset=\u00a0\u00bbdefault\u00a0\u00bb][et_pb_image src=\u00a0\u00bbhttp:\/\/champdeniers.tenordigital.fr\/wp-content\/uploads\/2020\/07\/1200px-Blason_ville_fr_Champdeniers_79.svg_.png\u00a0\u00bb title_text=\u00a0\u00bb1200px-Blason_ville_fr_Champdeniers_79.svg\u00a0\u00bb _builder_version=\u00a0\u00bb4.5.1&Prime; _module_preset=\u00a0\u00bbdefault\u00a0\u00bb][\/et_pb_image][\/et_pb_column][et_pb_column type=\u00a0\u00bb1_5&Prime; _builder_version=\u00a0\u00bb4.5.7&Prime; _module_preset=\u00a0\u00bbdefault\u00a0\u00bb][et_pb_text _builder_version=\u00a0\u00bb4.6.0&Prime; _module_preset=\u00a0\u00bbdefault\u00a0\u00bb text_text_color=\u00a0\u00bb#ffffff\u00a0\u00bb custom_margin=\u00a0\u00bb||2px|||\u00a0\u00bb custom_padding=\u00a0\u00bb|0px|0px|||\u00a0\u00bb]<\/p>\n<p><strong>Mairie de Champdeniers<\/strong><br \/> <span style=\"font-size: 14px;\">79220 CHAMPDENIERS<br \/> <\/span><span style=\"font-size: 14px;\">T\u00e9l :\u00a0<\/span><span style=\"font-size: 14px;\">05 49 25 80 47<\/span><\/p>\n<p><span style=\"text-decoration: underline;\"><span style=\"color: #ffffff;\"><a href=\"https:\/\/www.geoportail.gouv.fr\/carte?c=-0.40956910327707635,46.48343253917716&amp;z=16&amp;l0=ADMINISTRATIVEUNITS.BOUNDARIES::GEOPORTAIL:OGC:WMTS(1)&amp;l1=GEOGRAPHICALGRIDSYSTEMS.PLANIGNV2::GEOPORTAIL:OGC:WMTS(1)&amp;permalink=yes\" style=\"color: #ffffff; text-decoration: underline;\" target=\"_blank\" rel=\"noopener noreferrer\" title=\"Plan d'acc\u00e8s\">Plan d&rsquo;acc\u00e8s<\/a><\/span><\/span><\/p>\n<p>[\/et_pb_text][et_pb_button button_text=\u00a0\u00bbNOUS ECRIRE\u00a0\u00bb button_alignment=\u00a0\u00bbleft\u00a0\u00bb _builder_version=\u00a0\u00bb4.5.7&Prime; _module_preset=\u00a0\u00bbdefault\u00a0\u00bb custom_button=\u00a0\u00bbon\u00a0\u00bb button_text_size=\u00a0\u00bb12px\u00a0\u00bb button_text_color=\u00a0\u00bb#2a3443&Prime; button_bg_color=\u00a0\u00bb#ffffff\u00a0\u00bb button_border_width=\u00a0\u00bb9px\u00a0\u00bb button_border_color=\u00a0\u00bb#ffffff\u00a0\u00bb button_border_radius=\u00a0\u00bb0px\u00a0\u00bb button_letter_spacing=\u00a0\u00bb0px\u00a0\u00bb button_icon=\u00a0\u00bb%%238%%\u00a0\u00bb button_icon_color=\u00a0\u00bb#2a3443&Prime; button_icon_placement=\u00a0\u00bbleft\u00a0\u00bb button_on_hover=\u00a0\u00bboff\u00a0\u00bb custom_padding=\u00a0\u00bb5px|10px|5px|20px|false|false\u00a0\u00bb box_shadow_style=\u00a0\u00bbpreset2&Prime; box_shadow_spread=\u00a0\u00bb-9px\u00a0\u00bb box_shadow_color=\u00a0\u00bb#ffffff\u00a0\u00bb][\/et_pb_button][\/et_pb_column][et_pb_column type=\u00a0\u00bb3_5&Prime; _builder_version=\u00a0\u00bb4.5.7&Prime; _module_preset=\u00a0\u00bbdefault\u00a0\u00bb][et_pb_text _builder_version=\u00a0\u00bb4.5.7&Prime; _module_preset=\u00a0\u00bbdefault\u00a0\u00bb custom_margin=\u00a0\u00bb||2px|||\u00a0\u00bb]<\/p>\n<p><span style=\"color: #ffffff;\"><strong>Horaires d&rsquo;ouverture :<\/strong><\/span><br \/><span style=\"color: #ffffff;\"> &#8211; Mardi, jeudi et vendredi : de\u00a0 8 h 30 \u00e0 12 h <\/span><br \/><span style=\"color: #ffffff;\"> &#8211; Mercredi de 13 h 30 \u00e0 17 h<\/span><br \/><span style=\"color: #ffffff;\"> &#8211; Samedi de 10h \u00e0 12h<\/span><\/p>\n<p>&nbsp;<\/p>\n<p>[\/et_pb_text][et_pb_button button_text=\u00a0\u00bbS&rsquo;ABONNER \u00c0 LA NEWSLETTER\u00a0\u00bb button_alignment=\u00a0\u00bbright\u00a0\u00bb disabled_on=\u00a0\u00bbon|on|on\u00a0\u00bb _builder_version=\u00a0\u00bb4.6.1&Prime; _module_preset=\u00a0\u00bbdefault\u00a0\u00bb custom_button=\u00a0\u00bbon\u00a0\u00bb button_text_size=\u00a0\u00bb12px\u00a0\u00bb button_text_color=\u00a0\u00bb#2a3443&Prime; button_bg_color=\u00a0\u00bb#ffffff\u00a0\u00bb button_border_width=\u00a0\u00bb8px\u00a0\u00bb button_border_color=\u00a0\u00bb#ffffff\u00a0\u00bb button_border_radius=\u00a0\u00bb0px\u00a0\u00bb button_letter_spacing=\u00a0\u00bb0px\u00a0\u00bb button_icon=\u00a0\u00bb%%208%%\u00a0\u00bb button_icon_color=\u00a0\u00bb#000000&Prime; button_icon_placement=\u00a0\u00bbleft\u00a0\u00bb button_on_hover=\u00a0\u00bboff\u00a0\u00bb custom_padding=\u00a0\u00bb6px|10px|5px|20px|false|false\u00a0\u00bb box_shadow_style=\u00a0\u00bbpreset2&Prime; box_shadow_spread=\u00a0\u00bb-9px\u00a0\u00bb box_shadow_color=\u00a0\u00bb#ffffff\u00a0\u00bb disabled=\u00a0\u00bbon\u00a0\u00bb][\/et_pb_button][\/et_pb_column][\/et_pb_row][\/et_pb_section]<\/p>\n","protected":false},"excerpt":{"rendered":"<p>Respirez, vous \u00eates \u00e0 ChampdeniersSolidarit\u00e9 AIDE SOCIALE Relais M\u00e9dico-Social de Coulonges 20 rue de l\u2019\u00e9pargne 79160 COULONGE SUR L&rsquo;AUTIZE 05 49 16 10 11 \u00a0 RESTOS DU COEUR AD79 : [&hellip;]<\/p>\n","protected":false},"author":1,"featured_media":0,"parent":0,"menu_order":0,"comment_status":"closed","ping_status":"closed","template":"","meta":{"_et_pb_use_builder":"on","_et_pb_old_content":"","_et_gb_content_width":"","footnotes":""},"class_list":["post-1149","page","type-page","status-publish","hentry"],"publishpress_future_action":{"enabled":false,"date":"2026-05-17 14:51:24","action":"change-status","newStatus":"draft","terms":[],"taxonomy":"","extraData":[]},"publishpress_future_workflow_manual_trigger":{"enabledWorkflows":[]},"_links":{"self":[{"href":"https:\/\/www.champdeniers.fr\/index.php\/wp-json\/wp\/v2\/pages\/1149","targetHints":{"allow":["GET"]}}],"collection":[{"href":"https:\/\/www.champdeniers.fr\/index.php\/wp-json\/wp\/v2\/pages"}],"about":[{"href":"https:\/\/www.champdeniers.fr\/index.php\/wp-json\/wp\/v2\/types\/page"}],"author":[{"embeddable":true,"href":"https:\/\/www.champdeniers.fr\/index.php\/wp-json\/wp\/v2\/users\/1"}],"replies":[{"embeddable":true,"href":"https:\/\/www.champdeniers.fr\/index.php\/wp-json\/wp\/v2\/comments?post=1149"}],"version-history":[{"count":5,"href":"https:\/\/www.champdeniers.fr\/index.php\/wp-json\/wp\/v2\/pages\/1149\/revisions"}],"predecessor-version":[{"id":1528,"href":"https:\/\/www.champdeniers.fr\/index.php\/wp-json\/wp\/v2\/pages\/1149\/revisions\/1528"}],"wp:attachment":[{"href":"https:\/\/www.champdeniers.fr\/index.php\/wp-json\/wp\/v2\/media?parent=1149"}],"curies":[{"name":"wp","href":"https:\/\/api.w.org\/{rel}","templated":true}]}}